{"id":12377,"date":"2025-11-21T00:35:03","date_gmt":"2025-11-21T00:35:03","guid":{"rendered":"https:\/\/emis.cl\/estudio\/?post_type=product&#038;p=12377"},"modified":"2025-11-21T00:35:03","modified_gmt":"2025-11-21T00:35:03","slug":"iniciacion-en-el-canto","status":"publish","type":"product","link":"https:\/\/emis.cl\/estudio\/producto\/iniciacion-en-el-canto\/","title":{"rendered":"Iniciaci\u00f3n en el Canto"},"content":{"rendered":"<p>Curso integral, pr\u00e1ctico y demostrativo para interesadas\/os en aprender Canto desde el nivel inicial.<br \/>\nFundamentalmente enfocado a principiantes pero tambi\u00e9n con elementos trascendentales para quienes ya tienen nociones b\u00e1sicas.<\/p>\n","protected":false},"excerpt":{"rendered":"<p>Curso pr\u00e1ctico y guiado para quienes desean iniciarse en el canto, con \u00e9nfasis en respiraci\u00f3n, emisi\u00f3n vocal y afinaci\u00f3n. Incluye adem\u00e1s herramientas fundamentales para estudiantes con experiencia inicial que buscan mejorar t\u00e9cnica, control y expresividad.<\/p>\n","protected":false},"featured_media":3835,"template":"","meta":{"jetpack_post_was_ever_published":false,"jetpack_publicize_message":"","jetpack_publicize_feature_enabled":true,"jetpack_social_post_already_shared":true,"jetpack_social_options":{"image_generator_settings":{"template":"highway","default_image_id":0,"enabled":false},"version":2}},"product_brand":[],"product_cat":[72],"product_tag":[],"class_list":{"0":"post-12377","1":"product","2":"type-product","3":"status-publish","4":"has-post-thumbnail","6":"product_cat-cursos","8":"first","9":"instock","10":"virtual","11":"taxable","12":"purchasable","13":"product-type-simple"},"jetpack_publicize_connections":[],"jetpack_sharing_enabled":true,"_links":{"self":[{"href":"https:\/\/emis.cl\/estudio\/wp-json\/wp\/v2\/product\/12377","targetHints":{"allow":["GET"]}}],"collection":[{"href":"https:\/\/emis.cl\/estudio\/wp-json\/wp\/v2\/product"}],"about":[{"href":"https:\/\/emis.cl\/estudio\/wp-json\/wp\/v2\/types\/product"}],"wp:featuredmedia":[{"embeddable":true,"href":"https:\/\/emis.cl\/estudio\/wp-json\/wp\/v2\/media\/3835"}],"wp:attachment":[{"href":"https:\/\/emis.cl\/estudio\/wp-json\/wp\/v2\/media?parent=12377"}],"wp:term":[{"taxonomy":"product_brand","embeddable":true,"href":"https:\/\/emis.cl\/estudio\/wp-json\/wp\/v2\/product_brand?post=12377"},{"taxonomy":"product_cat","embeddable":true,"href":"https:\/\/emis.cl\/estudio\/wp-json\/wp\/v2\/product_cat?post=12377"},{"taxonomy":"product_tag","embeddable":true,"href":"https:\/\/emis.cl\/estudio\/wp-json\/wp\/v2\/product_tag?post=12377"}],"curies":[{"name":"wp","href":"https:\/\/api.w.org\/{rel}","templated":true}]}}