{"id":12366,"date":"2025-11-20T23:51:33","date_gmt":"2025-11-20T23:51:33","guid":{"rendered":"https:\/\/emis.cl\/estudio\/?post_type=product&#038;p=12366"},"modified":"2025-11-20T23:51:33","modified_gmt":"2025-11-20T23:51:33","slug":"iniciacion-a-la-guitarra-electrica-y-acustica","status":"publish","type":"product","link":"https:\/\/emis.cl\/estudio\/producto\/iniciacion-a-la-guitarra-electrica-y-acustica\/","title":{"rendered":"Iniciaci\u00f3n a la Guitarra El\u00e9ctrica y Ac\u00fastica"},"content":{"rendered":"<p>Curso integral, pr\u00e1ctico y demostrativo para interesadas\/os en aprender guitarra desde el nivel inicial.<br \/>\nFundamentalmente enfocado en principiantes pero tambi\u00e9n con elementos trascendentales para quienes ya tienen nociones b\u00e1sicas del instrumento.<\/p>\n","protected":false},"excerpt":{"rendered":"<p>Curso pr\u00e1ctico y demostrativo para quienes desean aprender guitarra desde cero, ideal para principiantes y tambi\u00e9n \u00fatil para quienes ya dominan las bases del instrumento.<\/p>\n","protected":false},"featured_media":1928,"template":"","meta":{"jetpack_post_was_ever_published":false,"jetpack_publicize_message":"","jetpack_publicize_feature_enabled":true,"jetpack_social_post_already_shared":true,"jetpack_social_options":{"image_generator_settings":{"template":"highway","default_image_id":0,"enabled":false},"version":2}},"product_brand":[],"product_cat":[72],"product_tag":[],"class_list":{"0":"post-12366","1":"product","2":"type-product","3":"status-publish","4":"has-post-thumbnail","6":"product_cat-cursos","8":"first","9":"instock","10":"virtual","11":"taxable","12":"purchasable","13":"product-type-simple"},"jetpack_publicize_connections":[],"jetpack_sharing_enabled":true,"_links":{"self":[{"href":"https:\/\/emis.cl\/estudio\/wp-json\/wp\/v2\/product\/12366","targetHints":{"allow":["GET"]}}],"collection":[{"href":"https:\/\/emis.cl\/estudio\/wp-json\/wp\/v2\/product"}],"about":[{"href":"https:\/\/emis.cl\/estudio\/wp-json\/wp\/v2\/types\/product"}],"wp:featuredmedia":[{"embeddable":true,"href":"https:\/\/emis.cl\/estudio\/wp-json\/wp\/v2\/media\/1928"}],"wp:attachment":[{"href":"https:\/\/emis.cl\/estudio\/wp-json\/wp\/v2\/media?parent=12366"}],"wp:term":[{"taxonomy":"product_brand","embeddable":true,"href":"https:\/\/emis.cl\/estudio\/wp-json\/wp\/v2\/product_brand?post=12366"},{"taxonomy":"product_cat","embeddable":true,"href":"https:\/\/emis.cl\/estudio\/wp-json\/wp\/v2\/product_cat?post=12366"},{"taxonomy":"product_tag","embeddable":true,"href":"https:\/\/emis.cl\/estudio\/wp-json\/wp\/v2\/product_tag?post=12366"}],"curies":[{"name":"wp","href":"https:\/\/api.w.org\/{rel}","templated":true}]}}