{"id":64,"date":"2017-11-14T11:29:23","date_gmt":"2017-11-14T11:29:23","guid":{"rendered":"https:\/\/emis.cl\/estudio\/?page_id=64"},"modified":"2025-11-21T20:07:35","modified_gmt":"2025-11-21T20:07:35","slug":"recursos","status":"publish","type":"page","link":"https:\/\/emis.cl\/estudio\/recursos\/","title":{"rendered":"Recursos"},"content":{"rendered":"<p>Bienvenid@s a nuestra secci\u00f3n de Recursos \ud83d\ude09<\/p>\n<p>Aqu\u00ed encontrar\u00e1s elementos complementarios a tu formaci\u00f3n musical de acceso 100% libre!<\/p>\n<p><a href=\"https:\/\/emis.cl\/estudio\/wp-content\/uploads\/2019\/03\/Teori\u0301a_de_Bolsillo_EMIS_Final.pdf\" target=\"_blank\" rel=\"noopener noreferrer\">TEOR\u00cdA Y ARMON\u00cdA DE BOLSILLO:<\/a> Una f\u00e1cil y r\u00e1pida forma de comenzar el aprendizaje de los conceptos relacionados a la teor\u00eda y armon\u00eda en la m\u00fasica.<\/p>\n<p><a href=\"http:\/\/cristobalgomez.cl\/recursoseducativos\/\" target=\"_blank\" rel=\"noopener noreferrer\">GUITARRA:<\/a> En este link se hayan diferentes elementos de apoyo para el estudio de la guitarra, tales como t\u00e9cnica, acordes, arpegios, escalas y transcripciones realizadas por tus compa\u00f1er@s.<\/p>\n<p><a href=\"https:\/\/emis.cl\/estudio\/category\/articulos\/\">ART\u00cdCULOS:<\/a> Sin duda uno de los recursos complementarios m\u00e1s importantes para la formaci\u00f3n transversal de nuestr@s estudiantes consiste en la apreciaci\u00f3n musical. Fundamentalmente comentarios de discos y conciertos de m\u00fasicos realizados por nuestro periodista Yarlando Rubilar.<\/p>\n","protected":false},"excerpt":{"rendered":"<p>Bienvenid@s a nuestra secci\u00f3n de Recursos \ud83d\ude09 Aqu\u00ed encontrar\u00e1s elementos complementarios a tu formaci\u00f3n musical de acceso 100% [&hellip;]<\/p>\n","protected":false},"author":3,"featured_media":541,"parent":0,"menu_order":0,"comment_status":"closed","ping_status":"closed","template":"","meta":{"jetpack_post_was_ever_published":false,"footnotes":""},"class_list":["post-64","page","type-page","status-publish","has-post-thumbnail","hentry"],"jetpack_sharing_enabled":true,"jetpack_shortlink":"https:\/\/wp.me\/P9Njy8-12","_links":{"self":[{"href":"https:\/\/emis.cl\/estudio\/wp-json\/wp\/v2\/pages\/64","targetHints":{"allow":["GET"]}}],"collection":[{"href":"https:\/\/emis.cl\/estudio\/wp-json\/wp\/v2\/pages"}],"about":[{"href":"https:\/\/emis.cl\/estudio\/wp-json\/wp\/v2\/types\/page"}],"author":[{"embeddable":true,"href":"https:\/\/emis.cl\/estudio\/wp-json\/wp\/v2\/users\/3"}],"replies":[{"embeddable":true,"href":"https:\/\/emis.cl\/estudio\/wp-json\/wp\/v2\/comments?post=64"}],"version-history":[{"count":20,"href":"https:\/\/emis.cl\/estudio\/wp-json\/wp\/v2\/pages\/64\/revisions"}],"predecessor-version":[{"id":1289,"href":"https:\/\/emis.cl\/estudio\/wp-json\/wp\/v2\/pages\/64\/revisions\/1289"}],"wp:featuredmedia":[{"embeddable":true,"href":"https:\/\/emis.cl\/estudio\/wp-json\/wp\/v2\/media\/541"}],"wp:attachment":[{"href":"https:\/\/emis.cl\/estudio\/wp-json\/wp\/v2\/media?parent=64"}],"curies":[{"name":"wp","href":"https:\/\/api.w.org\/{rel}","templated":true}]}}