{"id":63,"date":"2017-11-14T11:29:23","date_gmt":"2017-11-14T11:29:23","guid":{"rendered":"https:\/\/emis.cl\/estudio\/?page_id=63"},"modified":"2025-11-21T20:15:15","modified_gmt":"2025-11-21T20:15:15","slug":"clases","status":"publish","type":"page","link":"https:\/\/emis.cl\/estudio\/clases\/","title":{"rendered":"Clases"},"content":{"rendered":"<p data-start=\"243\" data-end=\"760\">En <strong data-start=\"246\" data-end=\"254\">EMIS<\/strong> estudiamos todas las m\u00fasicas que nacen desde la improvisaci\u00f3n:<br data-start=\"317\" data-end=\"320\" \/><strong data-start=\"320\" data-end=\"389\">Jazz, Bossa Nova, Swing, Gypsy Jazz, Blues, Fusi\u00f3n, Jazz Guachaca<\/strong>, entre otras.<br data-start=\"403\" data-end=\"406\" \/>Nuestra escuela se inspira en los grandes int\u00e9rpretes y compositores que han marcado la historia del jazz:<br data-start=\"512\" data-end=\"515\" \/><strong data-start=\"515\" data-end=\"653\">Charlie Christian, Benny Goodman, Antonio Carlos Jobim, Django Reinhardt, Charlie Parker, Wes Montgomery, John Coltrane, Roberto Parra<\/strong>, hasta referentes contempor\u00e1neos como <strong data-start=\"692\" data-end=\"741\">John Scofield, Chris Potter, Kurt Rosenwinkel<\/strong>, entre muchos m\u00e1s.<\/p>\n<p data-start=\"762\" data-end=\"886\">Aprender\u00e1s con un enfoque pr\u00e1ctico, musical y progresivo, guiado por docentes activos en la escena nacional e internacional.<\/p>\n<hr data-start=\"888\" data-end=\"891\" \/>\n<h2 data-start=\"893\" data-end=\"922\"><strong data-start=\"896\" data-end=\"922\">MODALIDADES DE ESTUDIO<\/strong><\/h2>\n<h3 data-start=\"924\" data-end=\"956\">\ud83c\udf93 <strong data-start=\"931\" data-end=\"954\">Clases Presenciales<\/strong><\/h3>\n<p data-start=\"957\" data-end=\"1119\">Aprende en un entorno cercano y personalizado en EMIS Estudio (\u00d1u\u00f1oa).<br data-start=\"1027\" data-end=\"1030\" \/>Ideal si buscas acompa\u00f1amiento directo, sonido real y pr\u00e1ctica en vivo con tu profesor\/a.<\/p>\n<h3 data-start=\"1121\" data-end=\"1163\">\ud83c\udf10 <strong data-start=\"1128\" data-end=\"1161\">Clases en L\u00ednea (Live Online)<\/strong><\/h3>\n<p data-start=\"1164\" data-end=\"1336\">Para quienes necesitan flexibilidad o viven fuera de Santiago o Chile.<br data-start=\"1234\" data-end=\"1237\" \/>Clases por videollamada, con material de apoyo, grabaciones opcionales y seguimiento personalizado.<\/p>\n<h3 data-start=\"1338\" data-end=\"1366\">\ud83c\udfb6 <strong data-start=\"1345\" data-end=\"1364\">Clases Grupales<\/strong><\/h3>\n<p data-start=\"1367\" data-end=\"1558\">Formatos reducidos para aprender junto a otras\/os estudiantes del mismo nivel.<br data-start=\"1445\" data-end=\"1448\" \/>Un espacio motivador, colaborativo y musical, perfecto para desarrollar o\u00eddo, ritmo, interacci\u00f3n y repertorio.<\/p>\n<hr data-start=\"1560\" data-end=\"1563\" \/>\n<h2 data-start=\"1565\" data-end=\"1603\"><strong data-start=\"1568\" data-end=\"1603\">INSTRUMENTOS Y \u00c1REAS DE ESTUDIO<\/strong><\/h2>\n<p data-start=\"1605\" data-end=\"1629\">En EMIS puedes estudiar:<\/p>\n<h3 data-start=\"1631\" data-end=\"1647\">\ud83c\udfb7 Vientos<\/h3>\n<ul data-start=\"1648\" data-end=\"1703\">\n<li data-start=\"1648\" data-end=\"1663\">\n<p data-start=\"1650\" data-end=\"1663\"><strong data-start=\"1650\" data-end=\"1661\">Saxof\u00f3n<\/strong><\/p>\n<\/li>\n<li data-start=\"1664\" data-end=\"1681\">\n<p data-start=\"1666\" data-end=\"1681\"><strong data-start=\"1666\" data-end=\"1679\">Clarinete<\/strong><\/p>\n<\/li>\n<li data-start=\"1682\" data-end=\"1703\">\n<p data-start=\"1684\" data-end=\"1703\"><strong data-start=\"1684\" data-end=\"1703\">Flauta Traversa<\/strong><\/p>\n<\/li>\n<\/ul>\n<h3 data-start=\"1705\" data-end=\"1721\">\ud83c\udfb8 Cuerdas<\/h3>\n<ul data-start=\"1722\" data-end=\"1778\">\n<li data-start=\"1722\" data-end=\"1738\">\n<p data-start=\"1724\" data-end=\"1738\"><strong data-start=\"1724\" data-end=\"1736\">Guitarra<\/strong><\/p>\n<\/li>\n<li data-start=\"1739\" data-end=\"1761\">\n<p data-start=\"1741\" data-end=\"1761\"><strong data-start=\"1741\" data-end=\"1759\">Bajo El\u00e9ctrico<\/strong><\/p>\n<\/li>\n<li data-start=\"1762\" data-end=\"1778\">\n<p data-start=\"1764\" data-end=\"1778\"><strong data-start=\"1764\" data-end=\"1778\">Contrabajo<\/strong><\/p>\n<\/li>\n<\/ul>\n<h3 data-start=\"1780\" data-end=\"1798\">\ud83e\udd41 Percusi\u00f3n<\/h3>\n<ul data-start=\"1799\" data-end=\"1812\">\n<li data-start=\"1799\" data-end=\"1812\">\n<p data-start=\"1801\" data-end=\"1812\"><strong data-start=\"1801\" data-end=\"1812\">Bater\u00eda<\/strong><\/p>\n<\/li>\n<\/ul>\n<h3 data-start=\"1814\" data-end=\"1839\">\ud83c\udfbc Lenguaje Musical<\/h3>\n<ul data-start=\"1840\" data-end=\"1984\">\n<li data-start=\"1840\" data-end=\"1984\">\n<p data-start=\"1842\" data-end=\"1984\"><strong data-start=\"1842\" data-end=\"1868\">Composici\u00f3n y Arreglos<\/strong><br data-start=\"1868\" data-end=\"1871\" \/>Enfoque aplicado, desde elementos fundamentales hasta la creaci\u00f3n de tus propias obras o arreglos para conjuntos.<\/p>\n<\/li>\n<\/ul>\n<hr data-start=\"1986\" data-end=\"1989\" \/>\n<h2 data-start=\"1991\" data-end=\"2024\"><strong data-start=\"1994\" data-end=\"2024\">\u00bfPor qu\u00e9 estudiar en EMIS?<\/strong><\/h2>\n<ul data-start=\"2026\" data-end=\"2335\">\n<li data-start=\"2026\" data-end=\"2098\">\n<p data-start=\"2028\" data-end=\"2098\">Profesores\/as activos en la escena del jazz y la m\u00fasica improvisada.<\/p>\n<\/li>\n<li data-start=\"2099\" data-end=\"2171\">\n<p data-start=\"2101\" data-end=\"2171\">Programas progresivos, personalizados y adaptados a cada estudiante.<\/p>\n<\/li>\n<li data-start=\"2172\" data-end=\"2256\">\n<p data-start=\"2174\" data-end=\"2256\">Enfoque integral: t\u00e9cnica, lenguaje, improvisaci\u00f3n, repertorio, teor\u00eda aplicada.<\/p>\n<\/li>\n<li data-start=\"2257\" data-end=\"2335\">\n<p data-start=\"2259\" data-end=\"2335\">Un espacio para crecer musicalmente, crear comunidad y disfrutar el proceso.<\/p>\n<\/li>\n<\/ul>\n<p>\u00a0<\/p>\n<h1>\u00bfListo para avanzar en tu instrumento?<\/h1>\n<h1>\u2192 <a href=\"https:\/\/emis.cl\/estudio\/pronto_emis\/\">Agenda tu primera clase aqu\u00ed!<\/a><\/h1>\n<h1 data-start=\"100\" data-end=\"145\">\u2705 <strong data-start=\"104\" data-end=\"145\">FAQ (Preguntas Frecuentes)<\/strong><\/h1>\n<h3 data-start=\"147\" data-end=\"203\"><strong data-start=\"151\" data-end=\"201\">\u00bfNecesito conocimientos previos para comenzar?<\/strong><\/h3>\n<p data-start=\"204\" data-end=\"365\">No. Nuestros programas est\u00e1n dise\u00f1ados tanto para principiantes absolutos como para personas con experiencia previa. Cada clase se adapta a tu nivel y objetivos.<\/p>\n<h3 data-start=\"367\" data-end=\"413\"><strong data-start=\"371\" data-end=\"411\">\u00bfPuedo cambiar de modalidad despu\u00e9s?<\/strong><\/h3>\n<p data-start=\"414\" data-end=\"513\">S\u00ed. Puedes comenzar online y luego pasar a presencial o viceversa, seg\u00fan tus tiempos y necesidades.<\/p>\n<h3 data-start=\"515\" data-end=\"550\"><strong data-start=\"519\" data-end=\"548\">\u00bfQu\u00e9 estilos se estudian?<\/strong><\/h3>\n<p data-start=\"551\" data-end=\"675\">Principalmente m\u00fasicas basadas en la improvisaci\u00f3n: Jazz, Swing, Blues, Gypsy Jazz, Bossa Nova, Fusi\u00f3n, Jazz Guachaca y m\u00e1s.<\/p>\n<h3 data-start=\"677\" data-end=\"721\"><strong data-start=\"681\" data-end=\"719\">\u00bfC\u00f3mo funcionan las clases online?<\/strong><\/h3>\n<p data-start=\"722\" data-end=\"861\">Se realizan por videollamada (Zoom\/Meet), con material complementario, seguimiento constante y posibilidad de grabar la clase si lo deseas.<\/p>\n<h3 data-start=\"863\" data-end=\"904\"><strong data-start=\"867\" data-end=\"902\">\u00bfLas clases son personalizadas?<\/strong><\/h3>\n<p data-start=\"905\" data-end=\"1054\">S\u00ed. En modalidad individual el plan es completamente personalizado.<br data-start=\"972\" data-end=\"975\" \/>En modalidad grupal, los cupos son reducidos para asegurar acompa\u00f1amiento real.<\/p>\n<h3 data-start=\"1056\" data-end=\"1098\"><strong data-start=\"1060\" data-end=\"1096\">\u00bfNecesito mi propio instrumento?<\/strong><\/h3>\n<p data-start=\"1099\" data-end=\"1168\">S\u00ed, pero si no tienes a\u00fan uno adecuado, te orientamos en la elecci\u00f3n. Adem\u00e1s para las clases presenciales tenemos disponibles para uds.<\/p>\n<h3 data-start=\"1170\" data-end=\"1225\"><strong data-start=\"1174\" data-end=\"1223\">\u00bfPuedo comenzar en cualquier momento del a\u00f1o?<\/strong><\/h3>\n<p data-start=\"1226\" data-end=\"1306\">Exacto. No trabajamos por semestres r\u00edgidos: puedes incorporarte cuando quieras.<\/p>\n\n\n<p><\/p>\n","protected":false},"excerpt":{"rendered":"<p>En EMIS estudiamos todas las m\u00fasicas que nacen desde la improvisaci\u00f3n:Jazz, Bossa Nova, Swing, Gypsy Jazz, Blues, Fusi\u00f3n, [&hellip;]<\/p>\n","protected":false},"author":3,"featured_media":801,"parent":0,"menu_order":0,"comment_status":"closed","ping_status":"closed","template":"","meta":{"jetpack_post_was_ever_published":false,"footnotes":""},"class_list":["post-63","page","type-page","status-publish","has-post-thumbnail","hentry"],"jetpack_sharing_enabled":true,"jetpack_shortlink":"https:\/\/wp.me\/P9Njy8-11","_links":{"self":[{"href":"https:\/\/emis.cl\/estudio\/wp-json\/wp\/v2\/pages\/63","targetHints":{"allow":["GET"]}}],"collection":[{"href":"https:\/\/emis.cl\/estudio\/wp-json\/wp\/v2\/pages"}],"about":[{"href":"https:\/\/emis.cl\/estudio\/wp-json\/wp\/v2\/types\/page"}],"author":[{"embeddable":true,"href":"https:\/\/emis.cl\/estudio\/wp-json\/wp\/v2\/users\/3"}],"replies":[{"embeddable":true,"href":"https:\/\/emis.cl\/estudio\/wp-json\/wp\/v2\/comments?post=63"}],"version-history":[{"count":9,"href":"https:\/\/emis.cl\/estudio\/wp-json\/wp\/v2\/pages\/63\/revisions"}],"predecessor-version":[{"id":12406,"href":"https:\/\/emis.cl\/estudio\/wp-json\/wp\/v2\/pages\/63\/revisions\/12406"}],"wp:featuredmedia":[{"embeddable":true,"href":"https:\/\/emis.cl\/estudio\/wp-json\/wp\/v2\/media\/801"}],"wp:attachment":[{"href":"https:\/\/emis.cl\/estudio\/wp-json\/wp\/v2\/media?parent=63"}],"curies":[{"name":"wp","href":"https:\/\/api.w.org\/{rel}","templated":true}]}}