{"id":61,"date":"2017-11-14T11:29:23","date_gmt":"2017-11-14T11:29:23","guid":{"rendered":"https:\/\/emis.cl\/estudio\/?page_id=61"},"modified":"2025-11-21T19:40:11","modified_gmt":"2025-11-21T19:40:11","slug":"nosotros","status":"publish","type":"page","link":"https:\/\/emis.cl\/estudio\/nosotros\/","title":{"rendered":"Nosotros"},"content":{"rendered":"<h2 data-start=\"182\" data-end=\"204\">\ud83c\udfbc Nuestra Misi\u00f3n<\/h2>\n<p data-start=\"205\" data-end=\"442\">EMIS tiene por objetivo la ense\u00f1anza y comprensi\u00f3n de la m\u00fasica relacionada a la improvisaci\u00f3n, a trav\u00e9s de la experiencia directa con el instrumento y el acompa\u00f1amiento de profesionales destacados, con un profundo compromiso pedag\u00f3gico.<\/p>\n<hr data-start=\"444\" data-end=\"447\" \/>\n<h2 data-start=\"449\" data-end=\"482\">\ud83c\udf0e Un Equipo con Trayectoria<\/h2>\n<p data-start=\"483\" data-end=\"776\">Contamos con docentes de amplia experiencia nacional e internacional, reconocidos tanto en el \u00e1mbito educativo como en la escena musical actual. Nuestro enfoque se basa en el traspaso de conocimiento a trav\u00e9s de la experimentaci\u00f3n, el rigor y una gu\u00eda centrada \u00edntegramente en cada estudiante.<\/p>\n<hr data-start=\"778\" data-end=\"781\" \/>\n<h2 data-start=\"783\" data-end=\"817\">\ud83c\udfb7 Las M\u00fasicas que Estudiamos<\/h2>\n<p data-start=\"818\" data-end=\"1038\">En EMIS abordamos todas las m\u00fasicas vinculadas a la improvisaci\u00f3n:<br data-start=\"884\" data-end=\"887\" \/><strong data-start=\"887\" data-end=\"957\">Jazz, Swing, Gypsy Jazz, Blues, Bossa Nova, Boleros, Jazz Guachaca<\/strong>, entre otras.<br data-start=\"971\" data-end=\"974\" \/>Trabajamos desde la esencia y el lenguaje propio de cada estilo.<\/p>\n<hr data-start=\"1040\" data-end=\"1043\" \/>\n<h2 data-start=\"1045\" data-end=\"1075\">\ud83d\udc65 Para Qui\u00e9nes Ense\u00f1amos<\/h2>\n<p data-start=\"1076\" data-end=\"1277\">Nuestro programa est\u00e1 dirigido a <strong data-start=\"1109\" data-end=\"1141\">personas de todas las edades<\/strong>, desde ni\u00f1os hasta adultos, que deseen profundizar de manera seria, did\u00e1ctica y progresiva en el aprendizaje de un instrumento musical.<\/p>\n<hr data-start=\"1279\" data-end=\"1282\" \/>\n<h2 data-start=\"1284\" data-end=\"1316\">\ud83c\udfa7 Influencias y Referentes<\/h2>\n<p data-start=\"1317\" data-end=\"1668\">El estudio se enfoca en int\u00e9rpretes y compositores fundamentales de cada estilo, desde:<br data-start=\"1404\" data-end=\"1407\" \/><strong data-start=\"1407\" data-end=\"1561\">Charlie Christian, Benny Goodman, Django Reinhardt, Charlie Parker, Charles Mingus, Wes Montgomery, John Coltrane, Antonio Carlos Jobim, Roberto Parra<\/strong>, hasta figuras contempor\u00e1neas como <strong data-start=\"1597\" data-end=\"1647\">John Scofield, Chris Potter y Kurt Rosenwinkel<\/strong>, entre muchos otros.<\/p>\n<hr data-start=\"1670\" data-end=\"1673\" \/>\n<h2 data-start=\"1675\" data-end=\"1712\">\ud83d\udcbb Estudia Desde Cualquier Lugar<\/h2>\n<p data-start=\"1713\" data-end=\"1937\">La pasi\u00f3n por el estudio, la ense\u00f1anza y la comprensi\u00f3n de la m\u00fasica, guiada por profesionales destacados, ahora es accesible dondequiera que est\u00e9s.<br data-start=\"1861\" data-end=\"1864\" \/>Estudia a tu propio ritmo con un programa dise\u00f1ado especialmente para ustedes.<\/p>\n","protected":false},"excerpt":{"rendered":"<p>\ud83c\udfbc Nuestra Misi\u00f3n EMIS tiene por objetivo la ense\u00f1anza y comprensi\u00f3n de la m\u00fasica relacionada a la improvisaci\u00f3n, [&hellip;]<\/p>\n","protected":false},"author":3,"featured_media":801,"parent":0,"menu_order":0,"comment_status":"closed","ping_status":"closed","template":"","meta":{"jetpack_post_was_ever_published":false,"footnotes":""},"class_list":["post-61","page","type-page","status-publish","has-post-thumbnail","hentry"],"jetpack_sharing_enabled":true,"jetpack_shortlink":"https:\/\/wp.me\/P9Njy8-Z","_links":{"self":[{"href":"https:\/\/emis.cl\/estudio\/wp-json\/wp\/v2\/pages\/61","targetHints":{"allow":["GET"]}}],"collection":[{"href":"https:\/\/emis.cl\/estudio\/wp-json\/wp\/v2\/pages"}],"about":[{"href":"https:\/\/emis.cl\/estudio\/wp-json\/wp\/v2\/types\/page"}],"author":[{"embeddable":true,"href":"https:\/\/emis.cl\/estudio\/wp-json\/wp\/v2\/users\/3"}],"replies":[{"embeddable":true,"href":"https:\/\/emis.cl\/estudio\/wp-json\/wp\/v2\/comments?post=61"}],"version-history":[{"count":6,"href":"https:\/\/emis.cl\/estudio\/wp-json\/wp\/v2\/pages\/61\/revisions"}],"predecessor-version":[{"id":12395,"href":"https:\/\/emis.cl\/estudio\/wp-json\/wp\/v2\/pages\/61\/revisions\/12395"}],"wp:featuredmedia":[{"embeddable":true,"href":"https:\/\/emis.cl\/estudio\/wp-json\/wp\/v2\/media\/801"}],"wp:attachment":[{"href":"https:\/\/emis.cl\/estudio\/wp-json\/wp\/v2\/media?parent=61"}],"curies":[{"name":"wp","href":"https:\/\/api.w.org\/{rel}","templated":true}]}}